{"id":51,"date":"2024-01-24T23:11:53","date_gmt":"2024-01-24T22:11:53","guid":{"rendered":"https:\/\/bmwedding-basketball.de\/?page_id=51"},"modified":"2024-01-24T23:28:35","modified_gmt":"2024-01-24T22:28:35","slug":"spielregel","status":"publish","type":"page","link":"https:\/\/bmwedding-basketball.de\/?page_id=51","title":{"rendered":"Spielregeln:"},"content":{"rendered":"\n<h3 class=\"wp-block-heading\"><strong>Interne Spielregeln:<\/strong><\/h3>\n\n\n\n<figure class=\"wp-block-table\"><table><tbody><tr><td><strong>Turnierregeln<\/strong><\/td><td><strong>Basketball Meisterschaft Wedding<\/strong><\/td><\/tr><tr><td><strong>Spielhalle<\/strong><\/td><td>Heinrich-Seidel-Grundschule Sporthalle<\/td><\/tr><tr><td><strong>Spielmodus:<\/strong><\/td><td><strong>Gruppenphase:<\/strong> 4 Gruppen mit je 4 Teams jeder gegen jeden<br>Die 1. und 2. Platzierten der jeweiligen Gruppen qualifizieren sich f\u00fcr die KO-Phase<br><strong>Platzierungsspiele:<\/strong> <br>KO-System = Viertelfinale -> Halbfinale -> Finale<\/td><\/tr><tr><td><strong>Spielzeit &amp; Auszeiten:<\/strong><\/td><td><strong>Gruppenphase<\/strong><strong>: <\/strong>1 x 10 min und je 1 Auszeit von 1 min <strong>Viertelfinale<\/strong><strong>: 2<\/strong> x 10 min und je Satz 1 Auszeit von 1 min <strong>Halbfinale<\/strong><strong>: <\/strong>2 x 12 min und je Satz 1 Auszeit von 1 min <strong>Finale<\/strong><strong>:<\/strong> 2 x 15 min und je Satz 1 Auszeit von 1 min<\/td><\/tr><tr><td><strong>Unentschiedene Spiele<\/strong><\/td><td>Unentschiedene Spiele werden jeweils um 2 Minuten verl\u00e4ngert, bis ein Sieger feststeht<\/td><\/tr><tr><td><strong>Fouls<\/strong><\/td><td>Teamfoulstrafe (1 Punkt bei Fouls und Einwurf Angreifer)<\/td><\/tr><tr><td><strong>R\u00fcckspiel<\/strong><\/td><td>Es gibt kein R\u00fcckspiel<\/td><\/tr><tr><td><strong>Spielfelder und Teams<\/strong><\/td><td>Es wird 5 \u2013 5 gespielt auf den Querfeldern<br>Finale auf Ganz Feld<\/td><\/tr><tr><td><strong>Sportliche Fairness<\/strong><\/td><td>Erh\u00e4lt ein Spieler ein disqualifizierendes Foul, so wird er grunds\u00e4tzlich vom gesamten weiteren Turnier ausgeschlossen<\/td><\/tr><tr><td><strong>Kampfgericht<\/strong><\/td><td>Die Kampfgerichte (zwei Personen) werden durch die Teams gestellt. Grunds\u00e4tzlich stellt immer jede angesetzte Mannschaft f\u00fcr ihr laufendes Spiel auf dem jeweiligen Spielfeld je einen Kampfrichter<\/td><\/tr><tr><td><strong>Zeitregeln<\/strong><\/td><td><strong>8-Sekunden-Regel<\/strong>: Bekommt eine Mannschaft den Ball, muss sie es schaffen ihn innerhalb von acht Sekunden aus der eigenen H\u00e4lfte in das Spielfeld des Gegners zu bef\u00f6rdern.<br><strong>5-Sekunden-Regel: <\/strong>Beim Einwurf darf ein Spieler den Ball nur maximal f\u00fcnf Sekunden lang festhalten.<br><strong>3-Sekunden-Regel:<\/strong> Bei einem Angriff d\u00fcrfen sich die Abwehrspieler maximal drei Sekunden lang in der gegnerischen Zone befinden.<\/td><\/tr><tr><td><strong>Schrittfehler<\/strong><br><\/td><td>Sobald der Spieler im Ballbesitz aufh\u00f6rt zu dribbeln, darf er mit den F\u00fc\u00dfen nur noch zwei Bodenkontakte haben. Dann muss er den Ball passen oder auf den Korb werfen. Sein Standbein darf er f\u00fcr den Wurf zwar anheben, aber nicht wieder aufsetzen.<\/td><\/tr><tr><td><strong>Fu\u00dfspiel<\/strong><br><strong>Doppeldribbling<\/strong><br><\/td><td>Die Ber\u00fchrung des Spielballs mit Fu\u00df, Knie oder Bein wird als Fu\u00dfspiel bezeichnet.<br>Nimmt ein Angreifer den Ball nach dem Dribbling wieder auf, darf er nicht erneut anfangen zu dribbeln.<\/td><\/tr><tr><td><strong>Dunking<\/strong><\/td><td>Das Dunking ist <strong>nicht <\/strong>erlaubt. Bei nicht Einhaltung folgt eine Disqualifikation<\/td><\/tr><\/tbody><\/table><\/figure>\n\n\n\n<hr class=\"wp-block-separator has-alpha-channel-opacity is-style-default\"\/>\n\n\n\n<h3 class=\"wp-block-heading\"><strong>Allgemeine Spielregeln:<\/strong><\/h3>\n\n\n<div class=\"_df_book df-lite\" id=\"df_120\"  _slug=\"120\" data-title=\"regeln\" wpoptions=\"true\" thumbtype=\"\" ><\/div><script class=\"df-shortcode-script\" nowprocket type=\"application\/javascript\">window.option_df_120 = {\"outline\":[],\"backgroundColor\":\"#FFFFFF\",\"autoEnableOutline\":\"false\",\"autoEnableThumbnail\":\"false\",\"overwritePDFOutline\":\"false\",\"direction\":\"1\",\"pageSize\":\"0\",\"source\":\"https:\\\/\\\/bmwedding-basketball.de\\\/wp-content\\\/uploads\\\/2024\\\/01\\\/Offizielle-Basketball-Regeln.pdf\",\"wpOptions\":\"true\"}; if(window.DFLIP && window.DFLIP.parseBooks){window.DFLIP.parseBooks();}<\/script>\n","protected":false},"excerpt":{"rendered":"<p>Interne Spielregeln: Turnierregeln Basketball Meisterschaft Wedding Spielhalle Heinrich-Seidel-Grundschule Sporthalle Spielmodus: Gruppenphase: 4 Gruppen mit je 4 Teams jeder gegen jedenDie 1. und 2. Platzierten der jeweiligen Gruppen qualifizieren sich f\u00fcr die KO-PhasePlatzierungsspiele: KO-System = Viertelfinale -> Halbfinale -> Finale Spielzeit &amp; Auszeiten: Gruppenphase: 1 x 10 min und je 1 Auszeit von 1 min Viertelfinale: [&hellip;]<\/p>\n","protected":false},"author":1,"featured_media":0,"parent":0,"menu_order":0,"comment_status":"closed","ping_status":"closed","template":"","meta":{"footnotes":""},"class_list":["post-51","page","type-page","status-publish","hentry"],"_links":{"self":[{"href":"https:\/\/bmwedding-basketball.de\/index.php?rest_route=\/wp\/v2\/pages\/51"}],"collection":[{"href":"https:\/\/bmwedding-basketball.de\/index.php?rest_route=\/wp\/v2\/pages"}],"about":[{"href":"https:\/\/bmwedding-basketball.de\/index.php?rest_route=\/wp\/v2\/types\/page"}],"author":[{"embeddable":true,"href":"https:\/\/bmwedding-basketball.de\/index.php?rest_route=\/wp\/v2\/users\/1"}],"replies":[{"embeddable":true,"href":"https:\/\/bmwedding-basketball.de\/index.php?rest_route=%2Fwp%2Fv2%2Fcomments&post=51"}],"version-history":[{"count":8,"href":"https:\/\/bmwedding-basketball.de\/index.php?rest_route=\/wp\/v2\/pages\/51\/revisions"}],"predecessor-version":[{"id":135,"href":"https:\/\/bmwedding-basketball.de\/index.php?rest_route=\/wp\/v2\/pages\/51\/revisions\/135"}],"wp:attachment":[{"href":"https:\/\/bmwedding-basketball.de\/index.php?rest_route=%2Fwp%2Fv2%2Fmedia&parent=51"}],"curies":[{"name":"wp","href":"https:\/\/api.w.org\/{rel}","templated":true}]}}