{"id":14,"date":"2023-12-12T15:36:05","date_gmt":"2023-12-12T14:36:05","guid":{"rendered":"https:\/\/bmwedding-basketball.de\/?page_id=14"},"modified":"2024-01-27T23:38:58","modified_gmt":"2024-01-27T22:38:58","slug":"anmeldeformular","status":"publish","type":"page","link":"https:\/\/bmwedding-basketball.de\/?page_id=14","title":{"rendered":""},"content":{"rendered":"\n<h2 class=\"wp-block-heading\">Anmeldeformular<\/h2>\n\n\n\n<p><strong>Willkommen zur ersten Basketball-Meisterschaft-Wedding 2024<br><\/strong><\/p>\n\n\n\n<p>Habt Ihr Lust auf etwas Adrenalin! Dann seid Ihr hier goldrichtig.<br>Im Jahr 2024 steht unser erstes Basketball-Turnier fest und hiermit laden wir euch alle herzlich ein. Das Turnier findet am <strong>24.02.2024 <\/strong>in der Heinrich-Seidel-Grundschule in Wedding statt. Der Einlass f\u00fcr die Meisterschaft beginnt fr\u00fch um 9 Uhr.<br>Das Ziel der Benefizveranstaltung ist es viel Freude zu bereiten. Daher wollen wir unsere Freude mit der ganzen Welt teilen und werden die gesamten Einnahmen gemeinn\u00fctzigen Vereinen, u.a. an Multi Culture e.V., spenden.<\/p>\n\n\n\n<p>Turnier: Basketball Meisterschaft Wedding<br>Ort: Heinrich-Seidel-Grundschule, Ramlerstr. 9\/10 \u2013 13355 Berlin<br>Datum: 24.02.2024<br>Anmeldeschluss: 16.02.2024 \u2013 23:59 Uhr<br>Einlass: 9 Uhr<br>Beginn: 10 Uhr<\/p>\n\n\n\n<p>Euch erwartet:<\/p>\n\n\n\n<ul class=\"wp-block-list\">\n<li>Herausragende Spiele<\/li>\n\n\n\n<li>Fabelhafte Atmosph\u00e4re<\/li>\n\n\n\n<li>Delizi\u00f6ses Buffet<\/li>\n\n\n\n<li>Engagierte freundliche Helfer<\/li>\n\n\n\n<li>Die besten Schiedsrichter Berlins<\/li>\n\n\n\n<li>Unvergessliche Entertainments<\/li>\n<\/ul>\n\n\n\n<p><br>Die Teilnahmegeb\u00fchr f\u00fcr das jeweilige Team betr\u00e4gt 40\u20ac. Der Eintritt f\u00fcr Zuschauer \u00fcber 12 Jahren kostet 2\u20ac (unter 12 Jahren ist der Eintritt kostenlos).<br>Es k\u00f6nnen bei der Meisterschaft 16 Teams teilnehmen.<br>Die Gruppen werden <strong>erst<\/strong> am Turniertag ver\u00f6ffentlicht.<br>Alle Spiele und Ergebnisse werden im Nachhinein Online gestellt auf der Website.<br>Die zwei besten aus den Gruppen qualifizieren sich dann f\u00fcr das Viertelfinale und bestreiten sich dann im K.-o.-System bis zum Finale.<br>Alle Spiele bis hin zum Finale finden am Samstag, den 24.02.2024, statt.<br>Es wird nach den Basketball Turnierregeln Deutschlands gespielt.<br>Die gesamten <a href=\"https:\/\/bmwedding-basketball.de\/?page_id=51\" data-type=\"link\" data-id=\"https:\/\/bmwedding-basketball.de\/?page_id=51\">Spielregeln <\/a>k\u00f6nnen auf der Homepage aufgerufen werden.<\/p>\n\n\n\n<p>Es wird normal 5 gegen 5 gespielt.<br>F\u00fcr die Anmeldung m\u00fcssen sich dennoch min. 6 Spieler zur Verf\u00fcgung stellen, um sich zu registrieren.<br>Grund daf\u00fcr ist, dass das Risiko f\u00fcr die Verletzung durch das Zusammenspiel auf dem Feld zu hoch ist.<br>Jeder Spieler muss darauf achten, dass bei der Anmeldung alles richtig angegeben wird und, dass alle Spieler eines Teams den gleichen Teamnamen notieren.<br><strong>Es sind<\/strong> <strong>auf dem Feld nur 2 Vereinsspieler erlaubt!<\/strong> <br><strong>Es d\u00fcrfen sich maximal 10 Spieler f\u00fcr ein Team anmelden.<br>Ein Ex-Vereinsspieler gilt auch als Vereinsspieler.<br>(Ex-Vereinsspieler hei\u00dft, dass er in den letzten 4 Jahren in einem Verein gespielt hat).<\/strong><br><br><br><strong>Teilnahmebedingungen:<\/strong><\/p>\n\n\n\n<p>Mindestanforderung eines vollst\u00e4ndigen Teams: <strong>6 Spieler<\/strong><br>1x Kapit\u00e4n; 4x Teamplayer; 1x Ersatzspieler<br>Geschlecht: m\u00e4nnlich<br>Altersgruppe: 15-35 Jahre (Ausnahmen vorbehalten)<br>Teilnahmegeb\u00fchr pro Team: 40\u20ac<br>Die Geb\u00fchren werden am Turniertag entrichtet<\/p>\n\n\n<style id=\"wpforms-css-vars-16\">\n\t\t\t\t#wpforms-16 {\n\t\t\t\t\n\t\t\t}\n\t\t\t<\/style><div class=\"wpforms-container wpforms-container-full wpforms-render-modern\" id=\"wpforms-16\"><form id=\"wpforms-form-16\" class=\"wpforms-validate wpforms-form wpforms-ajax-form\" data-formid=\"16\" method=\"post\" enctype=\"multipart\/form-data\" action=\"\/index.php?rest_route=%2Fwp%2Fv2%2Fpages%2F14\" data-token=\"c5d0a5b1b7b9d964c5abb1dbdb7009e2\" data-token-time=\"1778674623\"><noscript class=\"wpforms-error-noscript\">Please enable JavaScript in your browser to complete this form.<\/noscript><div id=\"wpforms-error-noscript\" style=\"display: none;\">Please enable JavaScript in your browser to complete this form.<\/div><div class=\"wpforms-field-container\"><div id=\"wpforms-16-field_0-container\" class=\"wpforms-field wpforms-field-name\" data-field-id=\"0\"><fieldset><legend class=\"wpforms-field-label\">Name <span class=\"wpforms-required-label\" aria-hidden=\"true\">*<\/span><\/legend><div class=\"wpforms-field-row wpforms-field-medium\"><div class=\"wpforms-field-row-block wpforms-first wpforms-one-half\"><input type=\"text\" id=\"wpforms-16-field_0\" class=\"wpforms-field-name-first wpforms-field-required\" name=\"wpforms[fields][0][first]\" aria-errormessage=\"wpforms-16-field_0-error\" required><label for=\"wpforms-16-field_0\" class=\"wpforms-field-sublabel after\">First<\/label><\/div><div class=\"wpforms-field-row-block wpforms-one-half\"><input type=\"text\" id=\"wpforms-16-field_0-last\" class=\"wpforms-field-name-last wpforms-field-required\" name=\"wpforms[fields][0][last]\" aria-errormessage=\"wpforms-16-field_0-last-error\" required><label for=\"wpforms-16-field_0-last\" class=\"wpforms-field-sublabel after\">Last<\/label><\/div><\/div><\/fieldset><\/div><div id=\"wpforms-16-field_3-container\" class=\"wpforms-field wpforms-field-number\" data-field-id=\"3\"><label class=\"wpforms-field-label\" for=\"wpforms-16-field_3\">Alter <span class=\"wpforms-required-label\" aria-hidden=\"true\">*<\/span><\/label><input type=\"number\" id=\"wpforms-16-field_3\" class=\"wpforms-field-medium wpforms-field-required\" name=\"wpforms[fields][3]\" step=\"any\" aria-errormessage=\"wpforms-16-field_3-error\" required><\/div><div id=\"wpforms-16-field_4-container\" class=\"wpforms-field wpforms-field-number\" data-field-id=\"4\"><label class=\"wpforms-field-label\" for=\"wpforms-16-field_4\">Gr\u00f6\u00dfe (cm) <span class=\"wpforms-required-label\" aria-hidden=\"true\">*<\/span><\/label><input type=\"number\" id=\"wpforms-16-field_4\" class=\"wpforms-field-medium wpforms-field-required\" name=\"wpforms[fields][4]\" step=\"any\" aria-errormessage=\"wpforms-16-field_4-error\" required><\/div><div id=\"wpforms-16-field_15-container\" class=\"wpforms-field wpforms-field-email\" data-field-id=\"15\"><label class=\"wpforms-field-label\" for=\"wpforms-16-field_15\">E-Mail-Adresse <span class=\"wpforms-required-label\" aria-hidden=\"true\">*<\/span><\/label><input type=\"email\" id=\"wpforms-16-field_15\" class=\"wpforms-field-medium wpforms-field-required\" name=\"wpforms[fields][15]\" spellcheck=\"false\" aria-errormessage=\"wpforms-16-field_15-error\" required><\/div><div id=\"wpforms-16-field_12-container\" class=\"wpforms-field wpforms-field-name\" data-field-id=\"12\"><label class=\"wpforms-field-label\" for=\"wpforms-16-field_12\">Teamname  <span class=\"wpforms-required-label\" aria-hidden=\"true\">*<\/span><\/label><input type=\"text\" id=\"wpforms-16-field_12\" class=\"wpforms-field-medium wpforms-field-required\" name=\"wpforms[fields][12]\" aria-errormessage=\"wpforms-16-field_12-error\" aria-describedby=\"wpforms-16-field_12-description\" required><div id=\"wpforms-16-field_12-description\" class=\"wpforms-field-description\">*WICHTIG* auf einheitliche Beschreibung achten<\/div><\/div><div id=\"wpforms-16-field_16-container\" class=\"wpforms-field wpforms-field-number\" data-field-id=\"16\"><label class=\"wpforms-field-label\" for=\"wpforms-16-field_16\">Telefonnummer (nur die Kapit\u00e4ne)<\/label><input type=\"number\" id=\"wpforms-16-field_16\" class=\"wpforms-field-medium\" name=\"wpforms[fields][16]\" step=\"any\" aria-errormessage=\"wpforms-16-field_16-error\" ><\/div><div id=\"wpforms-16-field_11-container\" class=\"wpforms-field wpforms-field-select wpforms-field-select-style-classic\" data-field-id=\"11\"><label class=\"wpforms-field-label\" for=\"wpforms-16-field_11\">Spielerstatus <span class=\"wpforms-required-label\" aria-hidden=\"true\">*<\/span><\/label><select id=\"wpforms-16-field_11\" class=\"wpforms-field-medium wpforms-field-required\" name=\"wpforms[fields][11]\" required=\"required\"><option value=\"Kapit\u00e4n\"  class=\"choice-1 depth-1\"  >Kapit\u00e4n<\/option><option value=\"Teamplayer\"  selected='selected' class=\"choice-2 depth-1\"  >Teamplayer<\/option><option value=\"Ersatzspieler\"  class=\"choice-4 depth-1\"  >Ersatzspieler<\/option><\/select><div id=\"wpforms-16-field_11-description\" class=\"wpforms-field-description\">Mindestanforderung f\u00fcr ein vollst\u00e4ndiges Team:\r\n\r\n1 x Kapit\u00e4n, 4 x Teamplayer und 1 x Ersatzspieler\r\n<\/div><\/div><div id=\"wpforms-16-field_5-container\" class=\"wpforms-field wpforms-field-select wpforms-one-half wpforms-field-select-style-classic\" data-field-id=\"5\"><label class=\"wpforms-field-label\" for=\"wpforms-16-field_5\">Vereinsmitglied <span class=\"wpforms-required-label\" aria-hidden=\"true\">*<\/span><\/label><select id=\"wpforms-16-field_5\" class=\"wpforms-field-medium wpforms-field-required\" name=\"wpforms[fields][5]\" required=\"required\"><option value=\"Ja\"  class=\"choice-1 depth-1\"  >Ja<\/option><option value=\"Nein\"  selected='selected' class=\"choice-2 depth-1\"  >Nein<\/option><\/select><\/div><div id=\"wpforms-16-field_20-container\" class=\"wpforms-field wpforms-field-number\" data-field-id=\"20\"><label class=\"wpforms-field-label\" for=\"wpforms-16-field_20\">Wenn ja, wie lange? (Jahre)<\/label><input type=\"number\" id=\"wpforms-16-field_20\" class=\"wpforms-field-medium\" name=\"wpforms[fields][20]\" step=\"any\" aria-errormessage=\"wpforms-16-field_20-error\" ><\/div><div id=\"wpforms-16-field_14-container\" class=\"wpforms-field wpforms-field-checkbox\" data-field-id=\"14\"><fieldset><legend class=\"wpforms-field-label\">Ex - Vereinsmitglied, aufgeh\u00f6rt vor...<\/legend><ul id=\"wpforms-16-field_14\"><li class=\"choice-1 depth-1\"><input type=\"checkbox\" id=\"wpforms-16-field_14_1\" name=\"wpforms[fields][14][]\" value=\"... 6 monaten\" aria-errormessage=\"wpforms-16-field_14_1-error\" aria-describedby=\"wpforms-16-field_14-description\"  ><label class=\"wpforms-field-label-inline\" for=\"wpforms-16-field_14_1\">... 6 monaten<\/label><\/li><li class=\"choice-2 depth-1\"><input type=\"checkbox\" id=\"wpforms-16-field_14_2\" name=\"wpforms[fields][14][]\" value=\"... 1 jahr\" aria-errormessage=\"wpforms-16-field_14_2-error\" aria-describedby=\"wpforms-16-field_14-description\"  ><label class=\"wpforms-field-label-inline\" for=\"wpforms-16-field_14_2\">... 1 jahr<\/label><\/li><li class=\"choice-3 depth-1\"><input type=\"checkbox\" id=\"wpforms-16-field_14_3\" name=\"wpforms[fields][14][]\" value=\"... 2 jahren\" aria-errormessage=\"wpforms-16-field_14_3-error\" aria-describedby=\"wpforms-16-field_14-description\"  ><label class=\"wpforms-field-label-inline\" for=\"wpforms-16-field_14_3\">... 2 jahren<\/label><\/li><li class=\"choice-4 depth-1\"><input type=\"checkbox\" id=\"wpforms-16-field_14_4\" name=\"wpforms[fields][14][]\" value=\"... 3 jahren\" aria-errormessage=\"wpforms-16-field_14_4-error\" aria-describedby=\"wpforms-16-field_14-description\"  ><label class=\"wpforms-field-label-inline\" for=\"wpforms-16-field_14_4\">... 3 jahren<\/label><\/li><\/ul><div id=\"wpforms-16-field_14-description\" class=\"wpforms-field-description\">* Ex-Vereinsspieler hei\u00dft, dass er in den letzten 4 Jahren in einem Verein gespielt hat.<\/div><\/fieldset><\/div><div id=\"wpforms-16-field_25-container\" class=\"wpforms-field wpforms-field-checkbox\" data-field-id=\"25\"><fieldset><legend class=\"wpforms-field-label\">Ich erkl\u00e4re hiermit mein Einverst\u00e4ndnis zur Teilnahme an der Basketball Meisterschaft Wedding, die am 24.02.2024 stattfindet. Ich bin mir bewusst, dass w\u00e4hrend des Turniers Fotos und Videos aufgenommen werden k\u00f6nnen, auf denen ich m\u00f6glicherweise zu sehen bin. Ich stimme zu, dass diese Aufnahmen f\u00fcr Werbe- und Promotionszwecke im Zusammenhang mit dem Turnier verwendet werden d\u00fcrfen. <span class=\"wpforms-required-label\" aria-hidden=\"true\">*<\/span><\/legend><ul id=\"wpforms-16-field_25\" class=\"wpforms-field-required\"><li class=\"choice-1 depth-1\"><input type=\"checkbox\" id=\"wpforms-16-field_25_1\" name=\"wpforms[fields][25][]\" value=\"Pflichtfeld*\" aria-errormessage=\"wpforms-16-field_25_1-error\" required ><label class=\"wpforms-field-label-inline\" for=\"wpforms-16-field_25_1\">Pflichtfeld*<\/label><\/li><\/ul><\/fieldset><\/div><div id=\"wpforms-16-field_27-container\" class=\"wpforms-field wpforms-field-checkbox\" data-field-id=\"27\"><fieldset><legend class=\"wpforms-field-label\">Des Weiteren erkl\u00e4re ich, dass ich die alleinige Verantwortung f\u00fcr meine pers\u00f6nlichen Gegenst\u00e4nde und Ausr\u00fcstung trage. Ich bin mir bewusst, dass das Turnier-Organisationsteam keine Haftung f\u00fcr Verluste, Diebst\u00e4hle oder Sch\u00e4den an meinem Eigentum \u00fcbernimmt. <span class=\"wpforms-required-label\" aria-hidden=\"true\">*<\/span><\/legend><ul id=\"wpforms-16-field_27\" class=\"wpforms-field-required\"><li class=\"choice-1 depth-1\"><input type=\"checkbox\" id=\"wpforms-16-field_27_1\" name=\"wpforms[fields][27][]\" value=\"Pflichtfeld*\" aria-errormessage=\"wpforms-16-field_27_1-error\" required ><label class=\"wpforms-field-label-inline\" for=\"wpforms-16-field_27_1\">Pflichtfeld*<\/label><\/li><\/ul><\/fieldset><\/div><div id=\"wpforms-16-field_28-container\" class=\"wpforms-field wpforms-field-checkbox\" data-field-id=\"28\"><fieldset><legend class=\"wpforms-field-label\">Ich best\u00e4tige, dass ich \u00fcber die Regeln und Vorschriften des Turniers informiert wurde und mich verpflichte, diese einzuhalten. Ich erkl\u00e4re mich damit einverstanden, dass bei Versto\u00df gegen diese Regeln disziplinarische Ma\u00dfnahmen ergriffen werden k\u00f6nnen, einschlie\u00dflich der Disqualifikation vom Turnier. <span class=\"wpforms-required-label\" aria-hidden=\"true\">*<\/span><\/legend><ul id=\"wpforms-16-field_28\" class=\"wpforms-field-required\"><li class=\"choice-1 depth-1\"><input type=\"checkbox\" id=\"wpforms-16-field_28_1\" name=\"wpforms[fields][28][]\" value=\"Pflichtfeld*\" aria-errormessage=\"wpforms-16-field_28_1-error\" required ><label class=\"wpforms-field-label-inline\" for=\"wpforms-16-field_28_1\">Pflichtfeld*<\/label><\/li><\/ul><\/fieldset><\/div><div id=\"wpforms-16-field_29-container\" class=\"wpforms-field wpforms-field-checkbox\" data-field-id=\"29\"><fieldset><legend class=\"wpforms-field-label\">Ich best\u00e4tige hiermit, dass alle Angaben der Wahrheit entsprechen, dass meine angegebenen Daten zu Turnierzwecken verarbeitet und ver\u00f6ffentlicht werden k\u00f6nnen. Sollte dies nicht der Fall sein, kann dies zur Disqualifikation f\u00fchren. <span class=\"wpforms-required-label\" aria-hidden=\"true\">*<\/span><\/legend><ul id=\"wpforms-16-field_29\" class=\"wpforms-field-required\"><li class=\"choice-1 depth-1\"><input type=\"checkbox\" id=\"wpforms-16-field_29_1\" name=\"wpforms[fields][29][]\" value=\"Pflichtfeld*\" aria-errormessage=\"wpforms-16-field_29_1-error\" required ><label class=\"wpforms-field-label-inline\" for=\"wpforms-16-field_29_1\">Pflichtfeld*<\/label><\/li><\/ul><\/fieldset><\/div><div id=\"wpforms-16-field_30-container\" class=\"wpforms-field wpforms-field-checkbox\" data-field-id=\"30\"><fieldset><legend class=\"wpforms-field-label\">Mit dem H\u00e4kchen best\u00e4tige ich, dass ich diese Einverst\u00e4ndniserkl\u00e4rung gelesen, verstanden und akzeptiert habe. <span class=\"wpforms-required-label\" aria-hidden=\"true\">*<\/span><\/legend><ul id=\"wpforms-16-field_30\" class=\"wpforms-field-required\"><li class=\"choice-1 depth-1\"><input type=\"checkbox\" id=\"wpforms-16-field_30_1\" name=\"wpforms[fields][30][]\" value=\"Pflichtfeld*\" aria-errormessage=\"wpforms-16-field_30_1-error\" required ><label class=\"wpforms-field-label-inline\" for=\"wpforms-16-field_30_1\">Pflichtfeld*<\/label><\/li><\/ul><\/fieldset><\/div><\/div><!-- .wpforms-field-container --><div class=\"wpforms-submit-container\" ><input type=\"hidden\" name=\"wpforms[id]\" value=\"16\"><input type=\"hidden\" name=\"page_title\" value=\"\"><input type=\"hidden\" name=\"page_url\" value=\"https:\/\/bmwedding-basketball.de\/index.php?rest_route=\/wp\/v2\/pages\/14\"><input type=\"hidden\" name=\"url_referer\" value=\"\"><button type=\"submit\" name=\"wpforms[submit]\" id=\"wpforms-submit-16\" class=\"wpforms-submit\" data-alt-text=\"Wird gesendet\u00a0\u2026\" data-submit-text=\"Absenden\" aria-live=\"assertive\" value=\"wpforms-submit\">Absenden<\/button><img loading=\"lazy\" decoding=\"async\" src=\"https:\/\/bmwedding-basketball.de\/wp-content\/plugins\/wpforms-lite\/assets\/images\/submit-spin.svg\" class=\"wpforms-submit-spinner\" style=\"display: none;\" width=\"26\" height=\"26\" alt=\"Loading\"><\/div><\/form><\/div>  <!-- .wpforms-container -->\n\n\n\n<p>Dieses Feld &#8220;Pflichtfeld*&#8221; ist erforderlich.<\/p>\n","protected":false},"excerpt":{"rendered":"<p>Anmeldeformular Willkommen zur ersten Basketball-Meisterschaft-Wedding 2024 Habt Ihr Lust auf etwas Adrenalin! Dann seid Ihr hier goldrichtig.Im Jahr 2024 steht unser erstes Basketball-Turnier fest und hiermit laden wir euch alle herzlich ein. Das Turnier findet am 24.02.2024 in der Heinrich-Seidel-Grundschule in Wedding statt. Der Einlass f\u00fcr die Meisterschaft beginnt fr\u00fch um 9 Uhr.Das Ziel der [&hellip;]<\/p>\n","protected":false},"author":1,"featured_media":0,"parent":0,"menu_order":0,"comment_status":"closed","ping_status":"closed","template":"","meta":{"footnotes":""},"class_list":["post-14","page","type-page","status-publish","hentry"],"_links":{"self":[{"href":"https:\/\/bmwedding-basketball.de\/index.php?rest_route=\/wp\/v2\/pages\/14"}],"collection":[{"href":"https:\/\/bmwedding-basketball.de\/index.php?rest_route=\/wp\/v2\/pages"}],"about":[{"href":"https:\/\/bmwedding-basketball.de\/index.php?rest_route=\/wp\/v2\/types\/page"}],"author":[{"embeddable":true,"href":"https:\/\/bmwedding-basketball.de\/index.php?rest_route=\/wp\/v2\/users\/1"}],"replies":[{"embeddable":true,"href":"https:\/\/bmwedding-basketball.de\/index.php?rest_route=%2Fwp%2Fv2%2Fcomments&post=14"}],"version-history":[{"count":32,"href":"https:\/\/bmwedding-basketball.de\/index.php?rest_route=\/wp\/v2\/pages\/14\/revisions"}],"predecessor-version":[{"id":209,"href":"https:\/\/bmwedding-basketball.de\/index.php?rest_route=\/wp\/v2\/pages\/14\/revisions\/209"}],"wp:attachment":[{"href":"https:\/\/bmwedding-basketball.de\/index.php?rest_route=%2Fwp%2Fv2%2Fmedia&parent=14"}],"curies":[{"name":"wp","href":"https:\/\/api.w.org\/{rel}","templated":true}]}}